{"id":665,"date":"2024-04-05T21:42:57","date_gmt":"2024-04-05T19:42:57","guid":{"rendered":"http:\/\/192.168.50.231\/html\/misicuni\/?page_id=665"},"modified":"2025-09-08T13:47:11","modified_gmt":"2025-09-08T17:47:11","slug":"preguntas-y-respuestas-frecuentes-relacionadas-con-el-contacto-con-la-entidad-estatal","status":"publish","type":"page","link":"https:\/\/misicuni.gob.bo\/index.php\/preguntas-y-respuestas-frecuentes-relacionadas-con-el-contacto-con-la-entidad-estatal\/","title":{"rendered":"Preguntas y Frecuentes"},"content":{"rendered":"\n<h3 class=\"wp-block-heading\"><br>\u00bfQU\u00c9 ES EL PROYECTO M\u00daLTIPLE MISICUNI?<\/h3>\n\n\n\n<p>Consiste en el aprovechamiento h\u00eddrico de las cuencas de los r\u00edos Misicuni, Viscachas y Putucuni, al otro lado de la<br>cordillera del Tunari mediante el represamiento y trasvase de sus aguas.<\/p>\n\n\n\n<h3 class=\"wp-block-heading\">\u00bfCU\u00c1L ES EL OBJETIVO DEL PROYECTO M\u00daLTIPLE MISICUNI?<\/h3>\n\n\n\n<p>1. El suministro de Agua Potable a las poblaciones urbanas y de los 7 municipios del Valle Central de Cochabamba.<br>Agua de Riego para la agricultura del \u00e1rea de influencia y generaci\u00f3n de energ\u00eda el\u00e9ctrica para el Sistema Interconectado Nacional.<\/p>\n\n\n\n<p>2. El mejoramiento de la disponibilidad de agua en el Valle Central de Cochabamba que representa la superaci\u00f3n del m\u00e1s importante obst\u00e1culo para el desarrollo econ\u00f3mico.<\/p>\n\n\n\n<figure class=\"wp-block-image size-full is-resized\"><img fetchpriority=\"high\" decoding=\"async\" width=\"457\" height=\"387\" src=\"https:\/\/misicuni.gob.bo\/wp-content\/uploads\/2025\/09\/proyecto-multiple.png\" alt=\"\" class=\"wp-image-18209\" style=\"width:387px;height:auto\"\/><\/figure>\n\n\n\n<h3 class=\"wp-block-heading\">\u00bfPOR QU\u00c9 SE DECIDE LA CONSTRUCCI\u00d3N DEL PROYECTO M\u00daLTIPLE MISICUNI?<\/h3>\n\n\n\n<p>Porque mediante la realizaci\u00f3n de varios estudios, se confirm\u00f3 que este proyecto es la forma m\u00e1s econ\u00f3mica de proveer agua adicional al valle de Cochabamba, debi\u00e9ndose encarar su ejecuci\u00f3n por etapas, en funci\u00f3n de la demanda.<\/p>\n\n\n\n<h3 class=\"wp-block-heading\">\u00bfCU\u00c1LES SON LAS ETAPAS DE CONSTRUCCI\u00d3N DEL PROYECTO M\u00daLTIPLE MISICUNI?<\/h3>\n\n\n\n<p>La construcci\u00f3n del Proyecto M\u00faltiple Misicuni se ha concebido en tres etapas:<br>1) Construcci\u00f3n del t\u00fanel de trasvase de 20 km de largo<br>2) Construcci\u00f3n de la Presa con una altura de 120 m y una capacidad de almacenamiento de agua de 180 millones de metros c\u00fabicos<br>3) Construcci\u00f3n de dos t\u00faneles de 9 Km<\/p>\n\n\n\n<p>Las etapas del Proyecto M\u00faltiple Misicuni fueron divididas en fases que se fueron construyendo a lo largo de la subsistencia del proyecto<\/p>\n\n\n\n<h3 class=\"wp-block-heading\">\u00bfEN QU\u00c9 ETAPA SE ENCUENTRA LA CONSTRUCCI\u00d3N DEL PROYECTO M\u00daLTIPLE MISICUNI?<\/h3>\n\n\n\n<p>El Proyecto M\u00faltiple Misicuni (PMM), considerado una obra de gran envergadura dotar\u00e1 de agua potable y de riego a los cochabambinos, actualmente se encuentra en operaci\u00f3n con la 1era y 2da etapas concluidas; est\u00e1 dotando de agua potable, agua para riego y generando energ\u00eda el\u00e9ctrica. Se est\u00e1 actualizando el proyecto correspondiente a la 3era etapa, aducci\u00f3n de otras 2 cuencas al embalse \u201cSistema de Aducci\u00f3n entre Putucuni, Vizcachas y Misicuni\u201d<\/p>\n\n\n\n<h3 class=\"wp-block-heading\">\u00bfEN QU\u00c9 RECTA SE ENCUENTRA LA CONSTRUCCI\u00d3N DE LA PRESA, OBRAS ANEXAS Y COMPLEMENTARIAS?<\/h3>\n\n\n\n<p>La construcci\u00f3n de la Presa, Obras Anexas y Complementarias actualmente se encuentra en la recta final.<\/p>\n\n\n\n<h3 class=\"wp-block-heading\">\u00bfQUI\u00c9NES CONSTRUYERON LAS OBRAS DEL PROYECTO M\u00daLTIPLE MISICUNI, LA PRESA OBRAS ANEXAS Y COMPLEMENTARIAS?<\/h3>\n\n\n\n<p><strong>1 \u00aa FASE: T\u00daNEL DE TRASVASE<\/strong><br>La construcci\u00f3n estuvo a cargo de ICE \u2013 ASTALDI<\/p>\n\n\n\n<p><strong>2\u00aa FASE: PRESA OBRAS ANEXAS Y COMPLEMENTARIAS<\/strong><br>Los trabajos que se encuentran en ejecuci\u00f3n y se dividieron en 4 paquetes:<\/p>\n\n\n\n<p><strong>Paquete 1:<\/strong><br>Construcci\u00f3n de la Presa, Vertedero y Obras Subterr\u00e1neas: La construcci\u00f3n la realiz\u00f3 la empresa CAMC:<\/p>\n\n\n\n<p><strong>Paquete 2:<\/strong><br>Inyecciones.- La cortina de inyecci\u00f3n estuvo a cargo de la empresa TECNOSUELO<\/p>\n\n\n\n<p><strong>Paquete 3:<\/strong><br>Instrumentaci\u00f3n.- La empresa ejecutora fue CAMC<\/p>\n\n\n\n<p><strong>Paquete 4:<\/strong><br>Sistema de Comunicaciones y Distribuci\u00f3n de Energ\u00eda.- Estuvo a cargo de CAMC<\/p>\n\n\n\n<p><strong>Pantallas Atirantadas:<\/strong><br>Construcci\u00f3n del Vertedero y Pantallas Atirantadas entre los ejes 2-6 y 9-11 de la Presa Misicuni.<br>\u2013 Construcci\u00f3n en ejecuci\u00f3n a cargo de la Empresa ALVAREZ Ltda. Construcciones Civiles<\/p>\n\n\n\n<div class=\"wp-block-media-text is-stacked-on-mobile\" style=\"grid-template-columns:74% auto\"><figure class=\"wp-block-media-text__media\"><img decoding=\"async\" width=\"598\" height=\"1018\" src=\"https:\/\/misicuni.gob.bo\/wp-content\/uploads\/2025\/09\/quienes-somos.png\" alt=\"\" class=\"wp-image-18211 size-full\"\/><\/figure><div class=\"wp-block-media-text__content\">\n<p>\u00bfA QUI\u00c9NES BENEFICIAR\u00c1 EL PROYECTO M\u00daLTIPLE MISICUNI?<\/p>\n\n\n\n<p>El agua disponible en un a\u00f1o promedio es de 3.100 l\/s que se repartir\u00e1n en:<br>\u2013 2000 l\/s para consumo humano (1000 l\/s de agua cruda 1000 l\/s de agua tratada)<br>\u2013 1100 l\/s para regar m\u00e1s de tres mil hect\u00e1reas, la poblaci\u00f3n beneficiada ser\u00e1 m\u00e1s de un mill\u00f3n de personas del \u00e1rea metropolitana de Cochabamba. (Sacaba, Cercado, Tiquipaya, Colcapirhua, El Paso, Quillacollo, Vinto, Sipe Sipe).<\/p>\n\n\n\n<h3 class=\"wp-block-heading\"><br>\u00bfA QUI\u00c9NES BENEFICIA ACTUALMENTE EL PROYECTO M\u00daLTIPLE MISICUNI?<\/h3>\n\n\n\n<p>Agua para consumo humano:<br>\u2013 Desde el a\u00f1o 2005 a septiembre de 2017 se suministr\u00f3 250 l\/s de agua a la ciudad de Cochabamba mediante el operador SEMAPA. A partir de septiembre de 2017 se viene suministrando 430 l\/s.<\/p>\n\n\n\n<p>Agua para riego:<br>\u2013 Desde el a\u00f1o 2005 a septiembre de 2017 se estuvo dotando de 150 l\/s de agua para riego a las comunidades del Cant\u00f3n El Paso, Kaluyo, Liriuni, Bellavista, Chocaya, Okosuru, Molle Molle y Jove Rancho. A partir de septiembre de 2017 se dispone de 250 l\/s de agua para riego.<\/p>\n\n\n\n<p>Agua para generaci\u00f3n de energ\u00eda el\u00e9ctrica:<br>\u2013 Desde septiembre de 2017 se hace entrega de agua para generaci\u00f3n de energ\u00eda el\u00e9ctrica.<\/p>\n\n\n\n<h3 class=\"wp-block-heading\">REPRESA DE MISICUNI:<\/h3>\n\n\n\n<p>Altura: 120 mts.<br>Capacidad de acumulaci\u00f3n: 180 Mm3<br>Agua almacenada: M\u00e1s de 115 millones de metros c\u00fabicos de agua<br>Caudal de agua disponible: 3200 l\/s<\/p>\n<\/div><\/div>\n","protected":false},"excerpt":{"rendered":"<p>\u00bfQU\u00c9 ES EL PROYECTO M\u00daLTIPLE MISICUNI? Consiste en el aprovechamiento h\u00eddrico de las cuencas de los r\u00edos Misicuni, Viscachas y Putucuni, al otro lado de lacordillera del Tunari mediante el represamiento y trasvase de sus aguas. \u00bfCU\u00c1L ES EL OBJETIVO DEL PROYECTO M\u00daLTIPLE MISICUNI? 1. El suministro de Agua Potable a las poblaciones urbanas y [&hellip;]<\/p>\n","protected":false},"author":1,"featured_media":0,"parent":0,"menu_order":0,"comment_status":"closed","ping_status":"closed","template":"","meta":{"_acf_changed":false,"footnotes":""},"class_list":["post-665","page","type-page","status-publish","hentry"],"acf":[],"_links":{"self":[{"href":"https:\/\/misicuni.gob.bo\/index.php\/wp-json\/wp\/v2\/pages\/665","targetHints":{"allow":["GET"]}}],"collection":[{"href":"https:\/\/misicuni.gob.bo\/index.php\/wp-json\/wp\/v2\/pages"}],"about":[{"href":"https:\/\/misicuni.gob.bo\/index.php\/wp-json\/wp\/v2\/types\/page"}],"author":[{"embeddable":true,"href":"https:\/\/misicuni.gob.bo\/index.php\/wp-json\/wp\/v2\/users\/1"}],"replies":[{"embeddable":true,"href":"https:\/\/misicuni.gob.bo\/index.php\/wp-json\/wp\/v2\/comments?post=665"}],"version-history":[{"count":2,"href":"https:\/\/misicuni.gob.bo\/index.php\/wp-json\/wp\/v2\/pages\/665\/revisions"}],"predecessor-version":[{"id":18215,"href":"https:\/\/misicuni.gob.bo\/index.php\/wp-json\/wp\/v2\/pages\/665\/revisions\/18215"}],"wp:attachment":[{"href":"https:\/\/misicuni.gob.bo\/index.php\/wp-json\/wp\/v2\/media?parent=665"}],"curies":[{"name":"wp","href":"https:\/\/api.w.org\/{rel}","templated":true}]}}