{"id":321,"date":"2024-04-05T21:30:47","date_gmt":"2024-04-05T19:30:47","guid":{"rendered":"http:\/\/192.168.50.231\/html\/misicuni\/?page_id=321"},"modified":"2025-10-31T09:18:55","modified_gmt":"2025-10-31T13:18:55","slug":"breve-historia-o-resena-sobre-la-creacion-y-evolucion-de-la-entidad","status":"publish","type":"page","link":"https:\/\/misicuni.gob.bo\/index.php\/breve-historia-o-resena-sobre-la-creacion-y-evolucion-de-la-entidad\/","title":{"rendered":"Rese\u00f1a Historica"},"content":{"rendered":"\n<h2 class=\"wp-block-heading has-large-font-size\">Proyecto M\u00faltiple Misicuni<\/h2>\n\n\n\n<p>El Proyecto M\u00faltiple Misicuni (PMM) nace con el objetivo de cubrir las urgentes necesidades de agua en la poblaci\u00f3n, mediante el aprovechamiento de las aguas de las cuencas de los r\u00edos Misicuni, Viscachas y Putucuni, ubicadas en la cordillera de Cochabamba. El objetivo principal, es la dotaci\u00f3n de agua potable, agua para riego y la generaci\u00f3n de energ\u00eda el\u00e9ctrica.<\/p>\n\n\n\n<figure class=\"wp-block-image size-full\"><img fetchpriority=\"high\" decoding=\"async\" width=\"4032\" height=\"1248\" src=\"https:\/\/misicuni.gob.bo\/wp-content\/uploads\/2025\/09\/imagen1-pagina-web.png\" alt=\"\" class=\"wp-image-17313\"\/><\/figure>\n\n\n\n<h2 class=\"wp-block-heading has-large-font-size\">Constituci\u00f3n Empresa Misicuni<\/h2>\n\n\n\n<p>La Empresa Misicuni, fue creada por la ley N\u00b0 951 de 22 de octubre de 1987 reglamentada por el Decreto Supremo N\u00b0 22007 de 13 de septiembre de 1988, y modificada su constituci\u00f3n por la ley N\u00b0 1605 de 21 de diciembre de 1994.<\/p>\n\n\n\n<p>Con el Decreto Supremo N\u00b0 25566 de fecha 05 de noviembre de 1999, la Empresa Misicuni se define como una entidad de servicio p\u00fablico, con domicilio legal en la ciudad de Cochabamba, con duraci\u00f3n indefinida, autonom\u00eda administrativa, financiera, de gesti\u00f3n y patrimonio independiente.<\/p>\n\n\n\n<p>La Ley 3470 del 13 de septiembre de 2006, modifica y ampl\u00eda la composici\u00f3n del directorio de la Empresa Misicuni, adem\u00e1s se ratifica su car\u00e1cter de entidad de derecho p\u00fablico, con autonom\u00eda de gesti\u00f3n t\u00e9cnica, financiera y administrativa, encargada de la ejecuci\u00f3n y administraci\u00f3n del Proyecto M\u00faltiple Misicuni, con participaci\u00f3n y control social, por estos componentes se determina como una empresa p\u00fablico social.<\/p>\n\n\n\n<p class=\"has-text-align-left\">Como base legal se consideran los siguientes documentos:<\/p>\n\n\n\n<ul class=\"wp-block-list\">\n<li>Ley 951 de creaci\u00f3n de la Empresa Misicuni.<\/li>\n<\/ul>\n\n\n\n<ul class=\"wp-block-list\">\n<li>D.S. 29894 Estructura organizativa del Poder ejecutivo<\/li>\n<\/ul>\n\n\n\n<ul class=\"wp-block-list\">\n<li>Ley 1178 (SAFCO) y sus Reglamentaciones.<\/li>\n<\/ul>\n\n\n\n<ul class=\"wp-block-list\">\n<li>Ley 3470 del 13 septiembre de 2006<\/li>\n<\/ul>\n\n\n\n<ul class=\"wp-block-list\">\n<li>D.S. 181 de 16 de julio de 2009<\/li>\n<\/ul>\n\n\n\n<figure class=\"wp-block-image size-full\"><img decoding=\"async\" width=\"4032\" height=\"3024\" src=\"https:\/\/misicuni.gob.bo\/wp-content\/uploads\/2025\/09\/IMG_20210623_110519-1.jpg\" alt=\"\" class=\"wp-image-17589\"\/><\/figure>\n\n\n\n<p><\/p>\n","protected":false},"excerpt":{"rendered":"<p>Proyecto M\u00faltiple Misicuni El Proyecto M\u00faltiple Misicuni (PMM) nace con el objetivo de cubrir las urgentes necesidades de agua en la poblaci\u00f3n, mediante el aprovechamiento de las aguas de las cuencas de los r\u00edos Misicuni, Viscachas y Putucuni, ubicadas en la cordillera de Cochabamba. El objetivo principal, es la dotaci\u00f3n de agua potable, agua para [&hellip;]<\/p>\n","protected":false},"author":1,"featured_media":16967,"parent":0,"menu_order":0,"comment_status":"closed","ping_status":"closed","template":"","meta":{"_acf_changed":false,"footnotes":""},"class_list":["post-321","page","type-page","status-publish","has-post-thumbnail","hentry"],"acf":[],"_links":{"self":[{"href":"https:\/\/misicuni.gob.bo\/index.php\/wp-json\/wp\/v2\/pages\/321","targetHints":{"allow":["GET"]}}],"collection":[{"href":"https:\/\/misicuni.gob.bo\/index.php\/wp-json\/wp\/v2\/pages"}],"about":[{"href":"https:\/\/misicuni.gob.bo\/index.php\/wp-json\/wp\/v2\/types\/page"}],"author":[{"embeddable":true,"href":"https:\/\/misicuni.gob.bo\/index.php\/wp-json\/wp\/v2\/users\/1"}],"replies":[{"embeddable":true,"href":"https:\/\/misicuni.gob.bo\/index.php\/wp-json\/wp\/v2\/comments?post=321"}],"version-history":[{"count":27,"href":"https:\/\/misicuni.gob.bo\/index.php\/wp-json\/wp\/v2\/pages\/321\/revisions"}],"predecessor-version":[{"id":21157,"href":"https:\/\/misicuni.gob.bo\/index.php\/wp-json\/wp\/v2\/pages\/321\/revisions\/21157"}],"wp:featuredmedia":[{"embeddable":true,"href":"https:\/\/misicuni.gob.bo\/index.php\/wp-json\/wp\/v2\/media\/16967"}],"wp:attachment":[{"href":"https:\/\/misicuni.gob.bo\/index.php\/wp-json\/wp\/v2\/media?parent=321"}],"curies":[{"name":"wp","href":"https:\/\/api.w.org\/{rel}","templated":true}]}}