{"id":297,"date":"2024-04-05T21:25:44","date_gmt":"2024-04-05T19:25:44","guid":{"rendered":"http:\/\/192.168.50.231\/html\/misicuni\/?page_id=297"},"modified":"2025-11-10T11:22:40","modified_gmt":"2025-11-10T15:22:40","slug":"comunicados-de-prensa","status":"publish","type":"page","link":"https:\/\/misicuni.gob.bo\/index.php\/comunicados-de-prensa\/","title":{"rendered":"Notas de Prensa"},"content":{"rendered":"\n<p class=\"has-text-align-center has-large-font-size\">Misicuni se llena, ocupa 5 kil\u00f3metros y rebalsa; apuntan a la fase III<\/p>\n\n\n\n<p>Publicado 13 de marzo de 2025, Fuente: Opini\u00f3n<\/p>\n\n\n\n<div style=\"position: relative; max-width: 600px; margin: 0 auto;\">\n  <a href=\"https:\/\/www.opinion.com.bo\/articulo\/cochabamba\/misicuni-llena-ocupa-5-kilometros-rebalsa-apuntan-fase-iii\/20250313000023968462.html\" target=\"_blank\" rel=\"noopener noreferrer\" style=\"display: block;\">\n    <img decoding=\"async\" src=\"https:\/\/misicuni.gob.bo\/wp-content\/uploads\/2025\/10\/np-1.png\" alt=\"Nota de prensa Misicuni\" style=\"width:100%; height:auto;\">\n  <\/a>\n  <a href=\"https:\/\/www.opinion.com.bo\/articulo\/cochabamba\/misicuni-llena-ocupa-5-kilometros-rebalsa-apuntan-fase-iii\/20250313000023968462.html\" target=\"_blank\" rel=\"noopener noreferrer\" \n     style=\"position: absolute; top: 100%; right: 0; margin-top: 5px; color: #000; font-weight: bold; text-decoration: underline;\">\n    Ver m\u00e1s\n  <\/a>\n<\/div>\n\n\n\n\n<p><\/p>\n\n\n\n<p class=\"has-text-align-center has-large-font-size\">Presa Misicuni crea microclima y existe nueva producci\u00f3n<\/p>\n\n\n\n<p>Publicado 16 de marzo de 2025, Fuente: Opini\u00f3n<\/p>\n\n\n\n<div style=\"position: relative; max-width: 600px; margin: 0 auto;\">\n  <a href=\"https:\/\/www.opinion.com.bo\/articulo\/cochabamba\/presa-misicuni-crea-microclima-existe-nueva-produccion\/20250316000044968564.html\" target=\"_blank\" rel=\"noopener noreferrer\" style=\"display: block;\">\n    <img decoding=\"async\" src=\"https:\/\/misicuni.gob.bo\/wp-content\/uploads\/2025\/10\/np-2.png\" alt=\"Microclima en Misicuni\" style=\"width:100%; height:auto;\">\n  <\/a>\n  <a href=\"https:\/\/www.opinion.com.bo\/articulo\/cochabamba\/presa-misicuni-crea-microclima-existe-nueva-produccion\/20250316000044968564.html\" target=\"_blank\" rel=\"noopener noreferrer\"\n     style=\"position: absolute; top: 100%; right: 0; margin-top: 5px; color: #000; font-weight: bold; text-decoration: underline;\">\n    Ver m\u00e1s\n  <\/a>\n<\/div>\n\n\n\n\n<p><\/p>\n\n\n\n<p class=\"has-text-align-center has-large-font-size\">Misicuni monitorea las aducciones de agua potable con inteligencia artificial<\/p>\n\n\n\n<p>Publicado el 12 de marzo de 2025, Fuente: Opini\u00f3n<\/p>\n\n\n\n<div style=\"position: relative; max-width: 600px; margin: 0 auto;\">\n  <a href=\"https:\/\/www.opinion.com.bo\/articulo\/cochabamba\/misicuni-monitorea-aducciones-agua-potable-inteligencia-artificial\/20240524183733946249.html\" target=\"_blank\" rel=\"noopener noreferrer\" style=\"display: block;\">\n    <img decoding=\"async\" src=\"https:\/\/misicuni.gob.bo\/wp-content\/uploads\/2025\/10\/np-3.png\" alt=\"Monitoreo con inteligencia artificial - Misicuni\" style=\"width:100%; height:auto;\">\n  <\/a>\n  <a href=\"https:\/\/www.opinion.com.bo\/articulo\/cochabamba\/misicuni-monitorea-aducciones-agua-potable-inteligencia-artificial\/20240524183733946249.html\" target=\"_blank\" rel=\"noopener noreferrer\"\n     style=\"position: absolute; top: 100%; right: 0; margin-top: 5px; color: #000; font-weight: bold; text-decoration: underline;\">\n    Ver m\u00e1s\n  <\/a>\n<\/div>\n\n\n\n\n\n<p><\/p>\n\n\n\n<p class=\"has-text-align-center has-large-font-size\">La represa de Misicuni rebalsa y garantiza agua para consumo hasta 2026<\/p>\n\n\n\n<p>Publicado el 13 de marzo de 2025, Fuente: Los Tiempos <\/p>\n\n\n\n<div style=\"position: relative; max-width: 600px; margin: 0 auto;\">\n  <a href=\"https:\/\/www.lostiempos.com\/actualidad\/cochabamba\/20250313\/represa-misicuni-rebalsa-garantiza-agua-consumo-2026\" target=\"_blank\" rel=\"noopener noreferrer\" style=\"display: block;\">\n    <img decoding=\"async\" src=\"https:\/\/misicuni.gob.bo\/wp-content\/uploads\/2025\/10\/np-4.png\" alt=\"Rebalse garantiza agua hasta 2026 - Misicuni\" style=\"width:100%; height:auto;\">\n  <\/a>\n  <a href=\"https:\/\/www.lostiempos.com\/actualidad\/cochabamba\/20250313\/represa-misicuni-rebalsa-garantiza-agua-consumo-2026\" target=\"_blank\" rel=\"noopener noreferrer\"\n     style=\"position: absolute; top: 100%; right: 0; margin-top: 5px; color: #000; font-weight: bold; text-decoration: underline;\">\n    Ver m\u00e1s\n  <\/a>\n<\/div>\n\n\n\n\n\n<p><\/p>\n\n\n\n<p><\/p>\n","protected":false},"excerpt":{"rendered":"<p>Misicuni se llena, ocupa 5 kil\u00f3metros y rebalsa; apuntan a la fase III Publicado 13 de marzo de 2025, Fuente: Opini\u00f3n Ver m\u00e1s Presa Misicuni crea microclima y existe nueva producci\u00f3n Publicado 16 de marzo de 2025, Fuente: Opini\u00f3n Ver m\u00e1s Misicuni monitorea las aducciones de agua potable con inteligencia artificial Publicado el 12 de [&hellip;]<\/p>\n","protected":false},"author":1,"featured_media":0,"parent":0,"menu_order":0,"comment_status":"closed","ping_status":"closed","template":"","meta":{"_acf_changed":false,"footnotes":""},"class_list":["post-297","page","type-page","status-publish","hentry"],"acf":[],"_links":{"self":[{"href":"https:\/\/misicuni.gob.bo\/index.php\/wp-json\/wp\/v2\/pages\/297","targetHints":{"allow":["GET"]}}],"collection":[{"href":"https:\/\/misicuni.gob.bo\/index.php\/wp-json\/wp\/v2\/pages"}],"about":[{"href":"https:\/\/misicuni.gob.bo\/index.php\/wp-json\/wp\/v2\/types\/page"}],"author":[{"embeddable":true,"href":"https:\/\/misicuni.gob.bo\/index.php\/wp-json\/wp\/v2\/users\/1"}],"replies":[{"embeddable":true,"href":"https:\/\/misicuni.gob.bo\/index.php\/wp-json\/wp\/v2\/comments?post=297"}],"version-history":[{"count":31,"href":"https:\/\/misicuni.gob.bo\/index.php\/wp-json\/wp\/v2\/pages\/297\/revisions"}],"predecessor-version":[{"id":21655,"href":"https:\/\/misicuni.gob.bo\/index.php\/wp-json\/wp\/v2\/pages\/297\/revisions\/21655"}],"wp:attachment":[{"href":"https:\/\/misicuni.gob.bo\/index.php\/wp-json\/wp\/v2\/media?parent=297"}],"curies":[{"name":"wp","href":"https:\/\/api.w.org\/{rel}","templated":true}]}}